{"id":255767,"date":"2020-07-09T23:23:51","date_gmt":"2020-07-09T22:23:51","guid":{"rendered":"https:\/\/ljubomirstanisic.pt\/ficha-tecnica\/"},"modified":"2024-04-22T17:42:54","modified_gmt":"2024-04-22T16:42:54","slug":"credits","status":"publish","type":"page","link":"https:\/\/ljubomirstanisic.pt\/en\/credits\/","title":{"rendered":"Credits"},"content":{"rendered":"<p>[et_pb_section fb_built=&#8221;1&#8243; custom_padding_last_edited=&#8221;on|phone&#8221; admin_label=&#8221;Ficha T\u00e9cnica&#8221; _builder_version=&#8221;4.25.0&#8243; background_image=&#8221;https:\/\/ljubomirstanisic.pt\/wp-content\/uploads\/2024\/04\/Background-Ljubomir.jpg&#8221; background_size=&#8221;initial&#8221; background_position=&#8221;bottom_center&#8221; module_alignment=&#8221;center&#8221; custom_padding=&#8221;||||false|false&#8221; custom_padding_tablet=&#8221;&#8221; custom_padding_phone=&#8221;20px||||false|false&#8221; hover_enabled=&#8221;0&#8243; background_last_edited=&#8221;off|desktop&#8221; background_color_gradient_type_phone=&#8221;linear&#8221; background_color_gradient_direction_phone=&#8221;360deg&#8221; background_color_gradient_direction_radial_phone=&#8221;center&#8221; background_color_gradient_stops_phone=&#8221;#404041 20%|rgba(0,0,0,0.9) 84%&#8221; background_color_gradient_start_phone=&#8221;#404041&#8243; background_color_gradient_start_position_phone=&#8221;20%&#8221; background_color_gradient_end_phone=&#8221;rgba(0,0,0,0.9)&#8221; background_color_gradient_end_position_phone=&#8221;84%&#8221; background_blend_phone=&#8221;multiply&#8221; box_shadow_style=&#8221;preset3&#8243; global_colors_info=&#8221;{}&#8221; null_phone=&#8221;rgba(0,0,0,0.86)&#8221; background_color=&#8221;#000000&#8243; title_text=&#8221;Background-Ljubomir&#8221; background_repeat=&#8221;repeat&#8221; sticky_enabled=&#8221;0&#8243;][et_pb_row column_structure=&#8221;2_3,1_3&#8243; custom_padding_last_edited=&#8221;on|phone&#8221; _builder_version=&#8221;4.16&#8243; width_tablet=&#8221;&#8221; width_phone=&#8221;90%&#8221; width_last_edited=&#8221;on|phone&#8221; max_width=&#8221;1175px&#8221; custom_padding=&#8221;50px||||false|false&#8221; custom_padding_tablet=&#8221;&#8221; custom_padding_phone=&#8221;0px||||false|false&#8221; scroll_vertical_motion=&#8221;0|50|50|100|1|0|-1&#8243; use_custom_width=&#8221;on&#8221; custom_width_px=&#8221;1175px&#8221; global_colors_info=&#8221;{}&#8221;][et_pb_column type=&#8221;2_3&#8243; _builder_version=&#8221;4.16&#8243; custom_padding=&#8221;|||&#8221; global_colors_info=&#8221;{}&#8221; custom_padding__hover=&#8221;|||&#8221;][et_pb_text _builder_version=&#8221;4.16&#8243; text_text_color=&#8221;#ffffff&#8221; text_font_size=&#8221;1rem&#8221; text_letter_spacing=&#8221;0.5px&#8221; text_line_height=&#8221;1.8em&#8221; link_font=&#8221;|||||||rgba(165,165,165,0.39)|&#8221; link_text_color=&#8221;#999999&#8243; link_letter_spacing=&#8221;0.5px&#8221; custom_css_main_element=&#8221;font-weight:300;&#8221; global_colors_info=&#8221;{}&#8221; link_text_color__hover_enabled=&#8221;on|hover&#8221; link_text_color__hover=&#8221;#ffffff&#8221;]<\/p>\n<p><span class=\"ficha-tecnica\">Direction: <\/span><a href=\"https:\/\/www.facebook.com\/monicafranco6\">M\u00f3nica Franco<\/a><\/p>\n<p><span class=\"ficha-tecnica\">Webdesign and Web Care: <\/span><a href=\"https:\/\/binarybrigade.pt\/\" target=\"_blank\" rel=\"noopener noreferrer\">BinaryBrigade<\/a><\/p>\n<p><span class=\"ficha-tecnica\">Research and production: <\/span><a href=\"https:\/\/www.facebook.com\/lauranpatricio\" target=\"_blank\" rel=\"noopener noreferrer\">Laura Patr\u00edcio<\/a> e <a href=\"https:\/\/www.facebook.com\/monicafranco6\" target=\"_blank\" rel=\"noopener noreferrer\">M\u00f3nica Franco<\/a><\/p>\n<p><span class=\"ficha-tecnica\">Sales: <\/span>Natasa Stanisic &#8211; <a href=\"mailto:sales@ljubomirstanisic.pt\">sales@ljubomirstanisic.pt<\/a><\/p>\n<p><span class=\"ficha-tecnica\">Photography: <\/span><a href=\"http:\/\/www.fabricedemoulin.com\/\" target=\"_blank\" rel=\"noopener noreferrer\">Fabrice Demoulin<\/a><br \/><a href=\"https:\/\/www.sergiorosario.com\/\" target=\"_blank\" rel=\"noopener noreferrer\">S\u00e9rgio Ros\u00e1rio<\/a> (<em>100 Cocktails 100 Maneiras<\/em>), <a href=\"https:\/\/constantinoleite.com\/\" target=\"_blank\" rel=\"noopener noreferrer\">Constantino Leite<\/a> (<em>Papa Quil\u00f3metros &#8211; Uma Caminhada pela Gastronomia Portuguesa<\/em>)<\/p>\n<p><span class=\"ficha-tecnica\">Logo: <\/span><a href=\"https:\/\/cargocollective.com\/branco\" target=\"_blank\" rel=\"noopener noreferrer\">Vasco Branco<\/a><\/p>\n<p><span class=\"ficha-tecnica\">Tattoo: <\/span><a href=\"https:\/\/www.instagram.com\/hugomakarov\/?hl=pt\" target=\"_blank\" rel=\"noopener noreferrer\">Hugo Makarov<\/a><\/p>\n<p><span class=\"ficha-tecnica\">Lettering Ljubomir-Caps: <\/span><a href=\"http:\/\/partners.pt\" target=\"_blank\" rel=\"noopener noreferrer\">Partners<\/a><\/p>\n<p><span class=\"ficha-tecnica\">Website by <\/span><a href=\"https:\/\/www.instagram.com\/papakms\/?hl=pt\" target=\"_blank\" rel=\"noopener noreferrer\">Quest\u00e3o de Palavras<\/a><\/p>\n<p>[\/et_pb_text][\/et_pb_column][et_pb_column type=&#8221;1_3&#8243; _builder_version=&#8221;4.16&#8243; custom_padding=&#8221;|||&#8221; global_colors_info=&#8221;{}&#8221; custom_padding__hover=&#8221;|||&#8221;][\/et_pb_column][\/et_pb_row][\/et_pb_section]<\/p>\n","protected":false},"excerpt":{"rendered":"<p>Direction: M\u00f3nica Franco Webdesign and Web Care: BinaryBrigade Research and production: Laura Patr\u00edcio e M\u00f3nica Franco Sales: Natasa Stanisic &#8211; sales@ljubomirstanisic.pt Photography: Fabrice DemoulinS\u00e9rgio Ros\u00e1rio (100 Cocktails 100 Maneiras), Constantino Leite (Papa Quil\u00f3metros &#8211; Uma Caminhada pela Gastronomia Portuguesa) Logo: Vasco Branco Tattoo: Hugo Makarov Lettering Ljubomir-Caps: Partners Website by Quest\u00e3o de Palavras<\/p>\n","protected":false},"author":1,"featured_media":0,"parent":0,"menu_order":0,"comment_status":"closed","ping_status":"closed","template":"","meta":{"_acf_changed":false,"_et_pb_use_builder":"on","_et_pb_old_content":"","_et_gb_content_width":"","footnotes":""},"class_list":["post-255767","page","type-page","status-publish","hentry"],"acf":[],"_links":{"self":[{"href":"https:\/\/ljubomirstanisic.pt\/en\/wp-json\/wp\/v2\/pages\/255767","targetHints":{"allow":["GET"]}}],"collection":[{"href":"https:\/\/ljubomirstanisic.pt\/en\/wp-json\/wp\/v2\/pages"}],"about":[{"href":"https:\/\/ljubomirstanisic.pt\/en\/wp-json\/wp\/v2\/types\/page"}],"author":[{"embeddable":true,"href":"https:\/\/ljubomirstanisic.pt\/en\/wp-json\/wp\/v2\/users\/1"}],"replies":[{"embeddable":true,"href":"https:\/\/ljubomirstanisic.pt\/en\/wp-json\/wp\/v2\/comments?post=255767"}],"version-history":[{"count":10,"href":"https:\/\/ljubomirstanisic.pt\/en\/wp-json\/wp\/v2\/pages\/255767\/revisions"}],"predecessor-version":[{"id":262337,"href":"https:\/\/ljubomirstanisic.pt\/en\/wp-json\/wp\/v2\/pages\/255767\/revisions\/262337"}],"wp:attachment":[{"href":"https:\/\/ljubomirstanisic.pt\/en\/wp-json\/wp\/v2\/media?parent=255767"}],"curies":[{"name":"wp","href":"https:\/\/api.w.org\/{rel}","templated":true}]}}