{"id":261687,"date":"2024-04-22T15:33:05","date_gmt":"2024-04-22T14:33:05","guid":{"rendered":"https:\/\/ljubomirstanisic.pt\/?post_type=product&#038;p=261687"},"modified":"2025-11-21T18:15:30","modified_gmt":"2025-11-21T18:15:30","slug":"mestico-solido-solid-red","status":"publish","type":"product","link":"https:\/\/ljubomirstanisic.pt\/en\/produto\/mestico-solido-solid-red\/","title":{"rendered":"Mesti\u00e7o S\u00d3LIDO &#8211; SOLID (Red)"},"content":{"rendered":"<p>Mesti\u00e7o S\u00d3LIDO is a blend with love by<br \/>Ljubomir Stanisic + Mateus Nicolau de Almeida<\/p>\n<p>40% Old vineyards from Superior and Baixo<br \/>35% Old vineyards from Baixo<br \/>25% Old vineyards from Superior<\/p>\n<p>REGION: Douro Superior<br \/>YEAR: 2021<br \/>0.75l<\/p>\n","protected":false},"excerpt":{"rendered":"<p class=\"p1\">Clinging to the depths of History, with multiple layers of subsoil in its composition, it has a rupestrian soul and rock structure. High density, high complexity, simplicity in equal measure. It is made of sun and soil, full of backbone. A hard character, of the wild Douro.<\/p>\n<p><strong>Score: 94 Points<\/strong><br \/>&#8220;Revista de Vinhos&#8221; April, 2024<\/p>\n","protected":false},"featured_media":261689,"comment_status":"closed","ping_status":"closed","template":"","meta":{"_acf_changed":false,"_et_pb_use_builder":"","_et_pb_old_content":"","_et_gb_content_width":"","wds_primary_product_brand":0,"wds_primary_product_cat":0},"product_brand":[],"product_cat":[208],"product_tag":[],"class_list":{"0":"post-261687","1":"product","2":"type-product","3":"status-publish","4":"has-post-thumbnail","6":"product_cat-the-mestico-wines","8":"first","9":"instock","10":"taxable","11":"shipping-taxable","12":"purchasable","13":"product-type-simple"},"acf":[],"_links":{"self":[{"href":"https:\/\/ljubomirstanisic.pt\/en\/wp-json\/wp\/v2\/product\/261687","targetHints":{"allow":["GET"]}}],"collection":[{"href":"https:\/\/ljubomirstanisic.pt\/en\/wp-json\/wp\/v2\/product"}],"about":[{"href":"https:\/\/ljubomirstanisic.pt\/en\/wp-json\/wp\/v2\/types\/product"}],"replies":[{"embeddable":true,"href":"https:\/\/ljubomirstanisic.pt\/en\/wp-json\/wp\/v2\/comments?post=261687"}],"wp:featuredmedia":[{"embeddable":true,"href":"https:\/\/ljubomirstanisic.pt\/en\/wp-json\/wp\/v2\/media\/261689"}],"wp:attachment":[{"href":"https:\/\/ljubomirstanisic.pt\/en\/wp-json\/wp\/v2\/media?parent=261687"}],"wp:term":[{"taxonomy":"product_brand","embeddable":true,"href":"https:\/\/ljubomirstanisic.pt\/en\/wp-json\/wp\/v2\/product_brand?post=261687"},{"taxonomy":"product_cat","embeddable":true,"href":"https:\/\/ljubomirstanisic.pt\/en\/wp-json\/wp\/v2\/product_cat?post=261687"},{"taxonomy":"product_tag","embeddable":true,"href":"https:\/\/ljubomirstanisic.pt\/en\/wp-json\/wp\/v2\/product_tag?post=261687"}],"curies":[{"name":"wp","href":"https:\/\/api.w.org\/{rel}","templated":true}]}}