{"id":261765,"date":"2024-04-22T15:33:03","date_gmt":"2024-04-22T14:33:03","guid":{"rendered":"https:\/\/ljubomirstanisic.pt\/?post_type=product&#038;p=261765"},"modified":"2025-11-21T18:15:30","modified_gmt":"2025-11-21T18:15:30","slug":"mestico-vicoso-lush-white","status":"publish","type":"product","link":"https:\/\/ljubomirstanisic.pt\/en\/produto\/mestico-vicoso-lush-white\/","title":{"rendered":"Mesti\u00e7o VI\u00c7OSO &#8211; LUSH (White)"},"content":{"rendered":"<p>Mesti\u00e7o VI\u00c7OSO is a blend with love by<br \/>\nLjubomir Stanisic + Luis Pedro + Daniel and Dirk Niepoort<\/p>\n<p>50% Pombal old vineyards<br \/>\n50% Mur\u00e7a vineyards<\/p>\n<p>REGION: Douro<br \/>\nYEAR: 2020<br \/>\n0.75l<\/p>\n","protected":false},"excerpt":{"rendered":"<p class=\"p1\">A lock that unites two unequal parts, which fill each other. A lock that closes in on itself, open to the world. Which shines exuberantly, in the shadow of elegance. A flower that blooms in diversity. The pursuit of eternal youth, with the unrepeatable flavor of the passage of time. Two sides of the same bottle.<\/p>\n<p><strong>Score: 92 Points<\/strong><br \/>&#8220;Revista de Vinhos&#8221; April 2024<\/p>\n","protected":false},"featured_media":261751,"comment_status":"closed","ping_status":"closed","template":"","meta":{"_acf_changed":false,"_et_pb_use_builder":"","_et_pb_old_content":"","_et_gb_content_width":"","wds_primary_product_brand":0,"wds_primary_product_cat":0},"product_brand":[],"product_cat":[208],"product_tag":[],"class_list":{"0":"post-261765","1":"product","2":"type-product","3":"status-publish","4":"has-post-thumbnail","6":"product_cat-the-mestico-wines","8":"first","9":"instock","10":"taxable","11":"shipping-taxable","12":"purchasable","13":"product-type-simple"},"acf":[],"_links":{"self":[{"href":"https:\/\/ljubomirstanisic.pt\/en\/wp-json\/wp\/v2\/product\/261765","targetHints":{"allow":["GET"]}}],"collection":[{"href":"https:\/\/ljubomirstanisic.pt\/en\/wp-json\/wp\/v2\/product"}],"about":[{"href":"https:\/\/ljubomirstanisic.pt\/en\/wp-json\/wp\/v2\/types\/product"}],"replies":[{"embeddable":true,"href":"https:\/\/ljubomirstanisic.pt\/en\/wp-json\/wp\/v2\/comments?post=261765"}],"wp:featuredmedia":[{"embeddable":true,"href":"https:\/\/ljubomirstanisic.pt\/en\/wp-json\/wp\/v2\/media\/261751"}],"wp:attachment":[{"href":"https:\/\/ljubomirstanisic.pt\/en\/wp-json\/wp\/v2\/media?parent=261765"}],"wp:term":[{"taxonomy":"product_brand","embeddable":true,"href":"https:\/\/ljubomirstanisic.pt\/en\/wp-json\/wp\/v2\/product_brand?post=261765"},{"taxonomy":"product_cat","embeddable":true,"href":"https:\/\/ljubomirstanisic.pt\/en\/wp-json\/wp\/v2\/product_cat?post=261765"},{"taxonomy":"product_tag","embeddable":true,"href":"https:\/\/ljubomirstanisic.pt\/en\/wp-json\/wp\/v2\/product_tag?post=261765"}],"curies":[{"name":"wp","href":"https:\/\/api.w.org\/{rel}","templated":true}]}}