{"id":262534,"date":"2024-08-30T18:03:53","date_gmt":"2024-08-30T17:03:53","guid":{"rendered":"https:\/\/ljubomirstanisic.pt\/?post_type=product&#038;p=262534"},"modified":"2025-11-21T18:15:29","modified_gmt":"2025-11-21T18:15:29","slug":"white-mestico-pack","status":"publish","type":"product","link":"https:\/\/ljubomirstanisic.pt\/en\/produto\/white-mestico-pack\/","title":{"rendered":"White Mesti\u00e7o Pack"},"content":{"rendered":"<p class=\"p1\"><b>A Curious arrives from Estremoz with a taste of honey and meets a Bold from the same land, untimely, citrusy, controversial. They come across a Rough from Foz C\u00f4a that brings nature in its purest state and a Wild from Douro, which smells of fresh grass and ingenuity. Lush from Douro shines exuberantly, in the shadow of elegance. The blend is made with five wines from three different regions and with five different characters. All united in multiple shades of white.<\/b><\/p>\n<p><strong>MESTI\u00c7O CURIOSO (CURIOUS)<\/strong><\/p>\n<p class=\"p1\">Curious: what is singular. Interesting. A wine with honey aftertaste. An amateur, passionate, orangish. Who cultivates art and writes outside the margins of any label. Who takes the laurel wreath, because it goes further. Who hugs a \u201claurel\u201d named Lu\u00eds. And leaves its mark like a fingerprint. Unique, unrepeatable.<\/p>\n<p>Score: 91 Points \u201cRevista de Vinhos\u201d April 2024<\/p>\n<p>Mesti\u00e7o CURIOSO is a blend with love by Ljubomir Stanisic + In\u00eas Cap\u00e3o + Luis Louro<\/p>\n<p>40% Esgana C\u00e3o<br \/>40% Arinto<br \/>10% Galego Dourado<br \/>10% Rabigato<\/p>\n<p>REGION: Estremoz\/ Alentejo \/ YEAR: 2019 \/ 0.75l<\/p>\n<p><strong><br \/>MESTI\u00c7O BRUTO (ROUGH)<\/strong><\/p>\n<p class=\"p1\">To see beyond the look. From the reflection of the mirror. Underneath the makeup. Turning imperfections into virtues. Touching the earth. Letting it slip through our fingers and cling to our feet. Feeling the morphology with our tongue, the rock with our palate, hearing the wind blow, seeing C\u00f4a river flowing below. This wine is nature in its pure state. A rough diamond.<\/p>\n<p>Score: 92 Points \u201cRevista de Vinhos\u201d April 2024<\/p>\n<p>Mesti\u00e7o BRUTO is a blend with love by Ljubomir Stanisic + Mateus Nicolau de Almeida + Teresa Ameztoy<\/p>\n<p>32% Rabigato of Paulo de Tebas<br \/>32% Rabigato of Am\u00f3n de K\u00e9lia<br \/>31% Rabigato of Ant\u00e3o do Deserto<br \/>5% Vinha dos Trinta in veil of flor<\/p>\n<p>REGION: Douro Superior \/ YEAR: 2020 \/ 0.75l<\/p>\n<p><strong><br \/>MESTI\u00c7O ATREVIDO (BOLD)<\/strong><\/p>\n<p>It is unashamedly confident in its vitality and freshness. It is untimely, citric, controversial. It first creates disorder, sows doubt. With two types of fermentation, two distinct stages. Then it renews itself, paints itself with stainless steel and throws itself into the void. Fearless.<\/p>\n<p>Score: 91 Points \u201cRevista de Vinhos\u201d April 2024<\/p>\n<p>Mesti\u00e7o ATREVIDO is a blend with love by Ljubomir Stanisic + In\u00eas Cap\u00e3o + Luis Louro<\/p>\n<p>55% Batch \u201cAlways Full\u201d<br \/>35% Batch \u201cMonte Branco\u201d<br \/>10% Batch \u201cNew Vineyards\u201d<\/p>\n<p>REGION: Estremoz\/ Alentejo \/ YEAR: 2019 \/ 0.75l<\/p>\n<p><strong><br \/>MESTI\u00c7O BRAVO (WILD)<\/strong><\/p>\n<p>A good savage. With pure humanity, it smells of fresh grass and ingenuity. It breathes grace with claws. Native to the world, avid for nature. It raises courage as a flag. It\u2019s Bravo, the barbarian. A hunter collector of memories. On the edge of civilization. A beast of the wilderness.<\/p>\n<p>Score: 95 Points \u201cRevista de Vinhos\u201d April 2024<\/p>\n<p>Mesti\u00e7o BRAVO is a blend with love by Ljubomir Stanisic + Luis Pedro + Daniel e Dirk Niepoort<\/p>\n<p>50% Rabigato<br \/>10% Viosinho<br \/>10% C\u00f4dega do Larinho<br \/>10% Arinto<br \/>20% Others<\/p>\n<p>REGION: Douro \/ YEAR: 2020 \/ 0.75l<\/p>\n<p><strong>MESTI\u00c7O VI\u00c7OSO (LUSH)<\/strong><\/p>\n<p>A lock that unites two unequal parts, which fill each other. A lock that closes in on itself, open to the world. Which shines exuberantly, in the shadow of elegance. A flower that blooms in diversity. The pursuit of eternal youth, with the unrepeatable flavor of the passage of time. Two sides of the same bottle.<\/p>\n<p>Score: 92 Points \u201cRevista de Vinhos\u201d April 2024<\/p>\n<p>Mesti\u00e7o VI\u00c7OSO is a blend with love by Ljubomir Stanisic + Luis Pedro + Daniel e Dirk Niepoort<\/p>\n<p>50% Pombal old vineyards<br \/>50% Mur\u00e7a vineyards<\/p>\n<p>REGION: Douro \/ YEAR: 2020 \/ 0.75l<\/p>\n","protected":false},"excerpt":{"rendered":"<p>A Curious arrives from Estremoz with a taste of honey and meets a Bold from the same land, untimely, citrusy, controversial. They come across a Rough from Foz C\u00f4a that brings nature in its purest state and a Wild from Douro, which smells of fresh grass and ingenuity. Lush from Douro shines exuberantly, in the [&hellip;]<\/p>\n","protected":false},"featured_media":262527,"comment_status":"closed","ping_status":"closed","template":"","meta":{"_acf_changed":false,"_et_pb_use_builder":"","_et_pb_old_content":"","_et_gb_content_width":"","wds_primary_product_brand":0,"wds_primary_product_cat":0},"product_brand":[],"product_cat":[224],"product_tag":[],"class_list":{"0":"post-262534","1":"product","2":"type-product","3":"status-publish","4":"has-post-thumbnail","6":"product_cat-packs-mestico-en","8":"first","9":"instock","10":"taxable","11":"shipping-taxable","12":"purchasable","13":"product-type-simple"},"acf":[],"_links":{"self":[{"href":"https:\/\/ljubomirstanisic.pt\/en\/wp-json\/wp\/v2\/product\/262534","targetHints":{"allow":["GET"]}}],"collection":[{"href":"https:\/\/ljubomirstanisic.pt\/en\/wp-json\/wp\/v2\/product"}],"about":[{"href":"https:\/\/ljubomirstanisic.pt\/en\/wp-json\/wp\/v2\/types\/product"}],"replies":[{"embeddable":true,"href":"https:\/\/ljubomirstanisic.pt\/en\/wp-json\/wp\/v2\/comments?post=262534"}],"wp:featuredmedia":[{"embeddable":true,"href":"https:\/\/ljubomirstanisic.pt\/en\/wp-json\/wp\/v2\/media\/262527"}],"wp:attachment":[{"href":"https:\/\/ljubomirstanisic.pt\/en\/wp-json\/wp\/v2\/media?parent=262534"}],"wp:term":[{"taxonomy":"product_brand","embeddable":true,"href":"https:\/\/ljubomirstanisic.pt\/en\/wp-json\/wp\/v2\/product_brand?post=262534"},{"taxonomy":"product_cat","embeddable":true,"href":"https:\/\/ljubomirstanisic.pt\/en\/wp-json\/wp\/v2\/product_cat?post=262534"},{"taxonomy":"product_tag","embeddable":true,"href":"https:\/\/ljubomirstanisic.pt\/en\/wp-json\/wp\/v2\/product_tag?post=262534"}],"curies":[{"name":"wp","href":"https:\/\/api.w.org\/{rel}","templated":true}]}}