{"id":262537,"date":"2024-08-30T18:03:28","date_gmt":"2024-08-30T17:03:28","guid":{"rendered":"https:\/\/ljubomirstanisic.pt\/?post_type=product&#038;p=262537"},"modified":"2025-11-21T18:15:29","modified_gmt":"2025-11-21T18:15:29","slug":"mestico-mateus-nicolau-de-almeida-pack","status":"publish","type":"product","link":"https:\/\/ljubomirstanisic.pt\/en\/produto\/mestico-mateus-nicolau-de-almeida-pack\/","title":{"rendered":"Mesti\u00e7o Mateus Nicolau de Almeida Pack"},"content":{"rendered":"<p><strong>At Mateus Nicolau de Almeida, in the heart of C\u00f4a, Ljubomir Stanisic created a white Bruto (Rough) and a red S\u00f3lido (Solid), after recording an episode of the documentary series \u201cPela Estrada Fora\u201d there and sharing some bottles and many connections for life.<\/strong><\/p>\n<p><strong>MESTI\u00c7O BRUTO (ROUGH)<br \/>\n<\/strong><br \/>\nTo see beyond the look. From the reflection of the mirror. Underneath the makeup. Turning imperfections into virtues. Touching the earth. Letting it slip through our fingers and cling to our feet. Feeling the morphology with our tongue, the rock with our palate, hearing the wind<br \/>\nblow, seeing C\u00f4a river flowing below. This wine is nature in its pure state. A rough diamond.<\/p>\n<p>Score: 92 Points \u201cRevista de Vinhos\u201d April 2024<\/p>\n<p>Mesti\u00e7o BRUTO is a blend with love by Ljubomir Stanisic + Mateus Nicolau de Almeida + Teresa Ameztoy<\/p>\n<p>32% Rabigato of Paulo de Tebas<br \/>\n32% Rabigato of Am\u00f3n de K\u00e9lia<br \/>\n31% Rabigato of Ant\u00e3o do Deserto<br \/>\n5% Vinha dos Trinta in veil of flor<\/p>\n<p>REGION: Douro Superior \/ YEAR: 2020 \/ 0.75l<\/p>\n<p><strong>MESTI\u00c7O S\u00d3LIDO (SOLID)<br \/>\n<\/strong><br \/>\nClinging to the depths of History, with multiple layers of subsoil in its composition, it has a rupestrian soul and rock structure. High density, high complexity, simplicity in equal measure. It is made of sun and soil, full of backbone. A hard character, of the wild Douro.<\/p>\n<p>Score: 94 Points \u201cRevista de Vinhos\u201d April, 2024<\/p>\n<p>Mesti\u00e7o S\u00d3LIDO is a blend with love by Ljubomir Stanisic + Mateus Nicolau de Almeida + Teresa Ameztoy<\/p>\n<p>40% Old vineyards from Superior and Baixo<br \/>\n35% Old vineyards from Baixo<br \/>\n25% Old vineyards from Superior<\/p>\n<p>REGION: Douro Superior \/ YEAR: 2021 \/ 0.75l<\/p>\n","protected":false},"excerpt":{"rendered":"<p>At Mateus Nicolau de Almeida, in the heart of C\u00f4a, Ljubomir Stanisic created a white Bruto (Rough) and a red S\u00f3lido (Solid), after recording an episode of the documentary series \u201cPela Estrada Fora\u201d there and sharing some bottles and many connections for life. MESTI\u00c7O BRUTO (ROUGH) To see beyond the look. From the reflection of [&hellip;]<\/p>\n","protected":false},"featured_media":262519,"comment_status":"closed","ping_status":"closed","template":"","meta":{"_acf_changed":false,"_et_pb_use_builder":"","_et_pb_old_content":"","_et_gb_content_width":"","wds_primary_product_brand":0,"wds_primary_product_cat":0},"product_brand":[],"product_cat":[224],"product_tag":[],"class_list":{"0":"post-262537","1":"product","2":"type-product","3":"status-publish","4":"has-post-thumbnail","6":"product_cat-packs-mestico-en","8":"first","9":"instock","10":"taxable","11":"shipping-taxable","12":"purchasable","13":"product-type-simple"},"acf":[],"_links":{"self":[{"href":"https:\/\/ljubomirstanisic.pt\/en\/wp-json\/wp\/v2\/product\/262537","targetHints":{"allow":["GET"]}}],"collection":[{"href":"https:\/\/ljubomirstanisic.pt\/en\/wp-json\/wp\/v2\/product"}],"about":[{"href":"https:\/\/ljubomirstanisic.pt\/en\/wp-json\/wp\/v2\/types\/product"}],"replies":[{"embeddable":true,"href":"https:\/\/ljubomirstanisic.pt\/en\/wp-json\/wp\/v2\/comments?post=262537"}],"wp:featuredmedia":[{"embeddable":true,"href":"https:\/\/ljubomirstanisic.pt\/en\/wp-json\/wp\/v2\/media\/262519"}],"wp:attachment":[{"href":"https:\/\/ljubomirstanisic.pt\/en\/wp-json\/wp\/v2\/media?parent=262537"}],"wp:term":[{"taxonomy":"product_brand","embeddable":true,"href":"https:\/\/ljubomirstanisic.pt\/en\/wp-json\/wp\/v2\/product_brand?post=262537"},{"taxonomy":"product_cat","embeddable":true,"href":"https:\/\/ljubomirstanisic.pt\/en\/wp-json\/wp\/v2\/product_cat?post=262537"},{"taxonomy":"product_tag","embeddable":true,"href":"https:\/\/ljubomirstanisic.pt\/en\/wp-json\/wp\/v2\/product_tag?post=262537"}],"curies":[{"name":"wp","href":"https:\/\/api.w.org\/{rel}","templated":true}]}}