{"id":262538,"date":"2024-08-30T17:58:43","date_gmt":"2024-08-30T16:58:43","guid":{"rendered":"https:\/\/ljubomirstanisic.pt\/?post_type=product&#038;p=262538"},"modified":"2025-11-21T18:15:29","modified_gmt":"2025-11-21T18:15:29","slug":"mestico-adega-monte-branco-pack-red-3","status":"publish","type":"product","link":"https:\/\/ljubomirstanisic.pt\/en\/produto\/mestico-adega-monte-branco-pack-red-3\/","title":{"rendered":"Mesti\u00e7o Adega Monte Branco Pack \u2022 Red (3)"},"content":{"rendered":"<p class=\"p1\"><strong>There are defects that are characteristic, that become virtues, characteristics that mark, even if at the limit. It&#8217;s Dangerous, we feel the impulse, the tension. An energy named desire. But it is also Loving, a slow sigh and an eager kiss. A love story that is written in many lines, told in books, recorded in films. It&#8217;s fire that burns. And leaves a mark for life. Rare. With patches from which magic is extracted. A precious asset carved from the rudimentary. In these three reds from Adega Monte Branco, we feel the soul in our mouth.<\/strong><\/p>\n<p><strong>MESTI\u00c7O RARO (RARE)<\/strong><\/p>\n<p>Telling The Story without \u201cOnce upon a time\u201d, bringing the wrinkles of the past to the identity of the present and the archeology of the future. From the patches we see rarity, from the tradition comes magic. From the simple manufacture of wine in clay pots, a precious good is extracted. We varnish the rudimentary. We award craftsmanship. And we feel the soul in our mouth.<\/p>\n<p>Score: 94 Points \u201cRevista de Vinhos\u201d April 2024<\/p>\n<p>Mesti\u00e7o RARO is a blend with love by Ljubomir Stanisic + In\u00eas Cap\u00e3o + Luis Louro<\/p>\n<p>50% Castel\u00e3o in Amphora 2020<br \/>\n50% Castel\u00e3o in Amphora 2021<\/p>\n<p>REGION: Estremoz \/ Alentejo \/ 0.75l<\/p>\n<p><strong>MESTI\u00c7O AMOROSO (LOVING)<br \/>\n<\/strong><br \/>\nIt is a love story that is written in many lines, told in books, filmed in movies. Which is enjoyed in small sips, but also voraciously drunk. A story that warms the heart, awakens passions, leaves a trail of longing. It\u2019s a slow sigh and an eager kiss. It is fire that burns. And leaves marks for life.<\/p>\n<p>Score: 94 Points \u201cRevista de Vinhos\u201d April 2024<\/p>\n<p>Mesti\u00e7o AMOROSO is a blend with love by Ljubomir Stanisic + In\u00eas Cap\u00e3o + Luis Louro<\/p>\n<p>40% Tinta Mi\u00fada<br \/>\n16% Syrah<br \/>\n24% Alicante and Aragonez<br \/>\n20% Alicante and Trincadeira in Foudre<\/p>\n<p>REGION: Estremoz\/ Alentejo \/ YEAR: 2018 \/ 0.75l<\/p>\n<p><strong>MESTI\u00c7O PERIGOSO (DANGEROUS)<br \/>\n<\/strong><br \/>\nTurbulent and moody. Faults that become form. It reveals itself with a knife in its teeth. It throws caution to the wind, without fears. Permanently living in the danger zone, at the risk of imminent collision. Always on the edge, we walk on a thin red line. We feel the impulse, the tension. An energy called desire.<\/p>\n<p>Score: 92 Points \u201cRevista de Vinhos\u201d April 2024<\/p>\n<p>Mesti\u00e7o PERIGOSO is a blend with love by Ljubomir Stanisic + In\u00eas Cap\u00e3o + Luis Louro<\/p>\n<p>28% Alicante and Aragonez<br \/>\n16% Syrah<br \/>\n24% Alicante<br \/>\n24% Tinta Miuda<br \/>\n8% Batch \u201cAlways Full\u201d White<\/p>\n<p>REGION: Estremoz\/ Alentejo \/ YEAR: 2019 \/0.75l<\/p>\n","protected":false},"excerpt":{"rendered":"<p>There are defects that are characteristic, that become virtues, characteristics that mark, even if at the limit. It&#8217;s Dangerous, we feel the impulse, the tension. An energy named desire. But it is also Loving, a slow sigh and an eager kiss. A love story that is written in many lines, told in books, recorded in [&hellip;]<\/p>\n","protected":false},"featured_media":262525,"comment_status":"closed","ping_status":"closed","template":"","meta":{"_acf_changed":false,"_et_pb_use_builder":"","_et_pb_old_content":"","_et_gb_content_width":"","wds_primary_product_brand":0,"wds_primary_product_cat":0},"product_brand":[],"product_cat":[224],"product_tag":[],"class_list":{"0":"post-262538","1":"product","2":"type-product","3":"status-publish","4":"has-post-thumbnail","6":"product_cat-packs-mestico-en","8":"first","9":"instock","10":"taxable","11":"shipping-taxable","12":"purchasable","13":"product-type-simple"},"acf":[],"_links":{"self":[{"href":"https:\/\/ljubomirstanisic.pt\/en\/wp-json\/wp\/v2\/product\/262538","targetHints":{"allow":["GET"]}}],"collection":[{"href":"https:\/\/ljubomirstanisic.pt\/en\/wp-json\/wp\/v2\/product"}],"about":[{"href":"https:\/\/ljubomirstanisic.pt\/en\/wp-json\/wp\/v2\/types\/product"}],"replies":[{"embeddable":true,"href":"https:\/\/ljubomirstanisic.pt\/en\/wp-json\/wp\/v2\/comments?post=262538"}],"wp:featuredmedia":[{"embeddable":true,"href":"https:\/\/ljubomirstanisic.pt\/en\/wp-json\/wp\/v2\/media\/262525"}],"wp:attachment":[{"href":"https:\/\/ljubomirstanisic.pt\/en\/wp-json\/wp\/v2\/media?parent=262538"}],"wp:term":[{"taxonomy":"product_brand","embeddable":true,"href":"https:\/\/ljubomirstanisic.pt\/en\/wp-json\/wp\/v2\/product_brand?post=262538"},{"taxonomy":"product_cat","embeddable":true,"href":"https:\/\/ljubomirstanisic.pt\/en\/wp-json\/wp\/v2\/product_cat?post=262538"},{"taxonomy":"product_tag","embeddable":true,"href":"https:\/\/ljubomirstanisic.pt\/en\/wp-json\/wp\/v2\/product_tag?post=262538"}],"curies":[{"name":"wp","href":"https:\/\/api.w.org\/{rel}","templated":true}]}}