{"id":262539,"date":"2024-08-30T18:03:37","date_gmt":"2024-08-30T17:03:37","guid":{"rendered":"https:\/\/ljubomirstanisic.pt\/?post_type=product&#038;p=262539"},"modified":"2025-11-21T18:15:29","modified_gmt":"2025-11-21T18:15:29","slug":"mestico-adega-monte-branco-pack-white","status":"publish","type":"product","link":"https:\/\/ljubomirstanisic.pt\/en\/produto\/mestico-adega-monte-branco-pack-white\/","title":{"rendered":"Mesti\u00e7o Adega Monte Branco Pack \u2022 White"},"content":{"rendered":"<p class=\"p1\"><strong>It is Curious that a wine tastes like honey, that a Yugoslav-portuguese punk joins a Louro from good families. It&#8217;s Bold, untimely, citric, controversial. In disorder, it sows doubt. It renews itself, jumping into the void. Fearless. Like this pair of white wines. Unique, unrepeatable.<\/strong><\/p>\n<p><strong>MESTI\u00c7O CURIOSO (CURIOUS)<\/strong><br \/>\nCurious: what is singular. Interesting. A wine with honey aftertaste. An amateur, passionate, orangish. Who cultivates art and writes outside the margins of any label. Who takes the laurel wreath, because it goes further. Who hugs a \u201claurel\u201d named Lu\u00eds. And leaves its mark like a fingerprint. Unique, unrepeatable.<\/p>\n<p>Score: 91 Points \u201cRevista de Vinhos\u201d April 2024<\/p>\n<p>Mesti\u00e7o CURIOSO is a blend with love by Ljubomir Stanisic + In\u00eas Cap\u00e3o + Luis Louro<\/p>\n<p>40% Esgana C\u00e3o<br \/>\n40% Arinto<br \/>\n10% Galego Dourado<br \/>\n10% Rabigato<\/p>\n<p>REGION: Estremoz\/ Alentejo \/ YEAR: 2019 \/ 0.75l<\/p>\n<p><strong>MESTI\u00c7O ATREVIDO (BOLD)<\/strong><br \/>\nIt is unashamedly confident in its vitality and freshness. It is untimely, citric, controversial. It first creates disorder, sows doubt. With two types of fermentation, two distinct stages. Then it renews itself, paints itself with stainless steel and throws itself into the void. Fearless.<\/p>\n<p>Score: 91 Points \u201cRevista de Vinhos\u201d April 2024<\/p>\n<p>Mesti\u00e7o ATREVIDO is a blend with love by Ljubomir Stanisic + In\u00eas Cap\u00e3o + Luis Louro<\/p>\n<p>55% Batch \u201cAlways Full\u201d<br \/>\n35% Batch \u201cMonte Branco\u201d<br \/>\n10% Batch \u201cNew Vineyards\u201d<\/p>\n<p>REGION: Estremoz\/ Alentejo \/ YEAR: 2019 \/ 0.75l<\/p>\n","protected":false},"excerpt":{"rendered":"<p>It is Curious that a wine tastes like honey, that a Yugoslav-portuguese punk joins a Louro from good families. It&#8217;s Bold, untimely, citric, controversial. In disorder, it sows doubt. It renews itself, jumping into the void. Fearless. Like this pair of white wines. Unique, unrepeatable. MESTI\u00c7O CURIOSO (CURIOUS) Curious: what is singular. Interesting. A wine [&hellip;]<\/p>\n","protected":false},"featured_media":262523,"comment_status":"closed","ping_status":"closed","template":"","meta":{"_acf_changed":false,"_et_pb_use_builder":"","_et_pb_old_content":"","_et_gb_content_width":"","wds_primary_product_brand":0,"wds_primary_product_cat":0},"product_brand":[],"product_cat":[224],"product_tag":[],"class_list":{"0":"post-262539","1":"product","2":"type-product","3":"status-publish","4":"has-post-thumbnail","6":"product_cat-packs-mestico-en","8":"first","9":"instock","10":"taxable","11":"shipping-taxable","12":"purchasable","13":"product-type-simple"},"acf":[],"_links":{"self":[{"href":"https:\/\/ljubomirstanisic.pt\/en\/wp-json\/wp\/v2\/product\/262539","targetHints":{"allow":["GET"]}}],"collection":[{"href":"https:\/\/ljubomirstanisic.pt\/en\/wp-json\/wp\/v2\/product"}],"about":[{"href":"https:\/\/ljubomirstanisic.pt\/en\/wp-json\/wp\/v2\/types\/product"}],"replies":[{"embeddable":true,"href":"https:\/\/ljubomirstanisic.pt\/en\/wp-json\/wp\/v2\/comments?post=262539"}],"wp:featuredmedia":[{"embeddable":true,"href":"https:\/\/ljubomirstanisic.pt\/en\/wp-json\/wp\/v2\/media\/262523"}],"wp:attachment":[{"href":"https:\/\/ljubomirstanisic.pt\/en\/wp-json\/wp\/v2\/media?parent=262539"}],"wp:term":[{"taxonomy":"product_brand","embeddable":true,"href":"https:\/\/ljubomirstanisic.pt\/en\/wp-json\/wp\/v2\/product_brand?post=262539"},{"taxonomy":"product_cat","embeddable":true,"href":"https:\/\/ljubomirstanisic.pt\/en\/wp-json\/wp\/v2\/product_cat?post=262539"},{"taxonomy":"product_tag","embeddable":true,"href":"https:\/\/ljubomirstanisic.pt\/en\/wp-json\/wp\/v2\/product_tag?post=262539"}],"curies":[{"name":"wp","href":"https:\/\/api.w.org\/{rel}","templated":true}]}}