{"id":262613,"date":"2024-08-30T18:03:44","date_gmt":"2024-08-30T17:03:44","guid":{"rendered":"https:\/\/ljubomirstanisic.pt\/produto\/red-mestico-pack\/"},"modified":"2025-11-21T18:15:29","modified_gmt":"2025-11-21T18:15:29","slug":"red-mestico-pack","status":"publish","type":"product","link":"https:\/\/ljubomirstanisic.pt\/en\/produto\/red-mestico-pack\/","title":{"rendered":"Red Mesti\u00e7o Pack"},"content":{"rendered":"<p><strong>5 BOTTLES (5 RED WINES)<\/strong><\/p>\n<p><strong>Turbulent and moody. Dangerous.<\/strong><br \/><strong>A love story that is written in many lines. Loving.<\/strong><br \/><strong>Bringing the wrinkles of the past to the identity of the present and the archeology of the future. Rare.<\/strong><br \/><strong>A rupestrian soul and rock structure. Solid.<\/strong><br \/><strong>A roundness that shuffles all geometries. A fullness that never overflows. Mature.<\/strong><br \/><strong>Five red wines from different geographies, with different temperaments, but with a common vital force.<\/strong><\/p>\n<p><strong>MESTI\u00c7O RARO (Rare)<br \/><\/strong><br \/>Telling The Story without \u201cOnce upon a time\u201d, bringing the wrinkles of the past to the identity of the present and the archeology of the future. From the patches we see rarity, from the tradition comes magic. From the simple manufacture of wine in clay pots, a precious good is extracted. We varnish the rudimentary. We award craftsmanship. And we feel the soul in our mouth.<\/p>\n<p>Score: 94 Points \u201cRevista de Vinhos\u201d April 2024<\/p>\n<p>Mesti\u00e7o RARO is a blend with love by Ljubomir Stanisic + In\u00eas Cap\u00e3o + Luis Louro<\/p>\n<p>50% Castel\u00e3o in Amphora 2020<br \/>50% Castel\u00e3o in Amphora 2021<\/p>\n<p>REGION: Estremoz\/ Alentejo \/ 0.75l<\/p>\n<p><strong>MESTI\u00c7O AMOROSO (Loving)<br \/><\/strong><br \/>It is a love story that is written in many lines, told in books, filmed in movies. Which is enjoyed in small sips, but also voraciously drunk. A story that warms the heart, awakens passions, leaves a trail of longing. It\u2019s a slow sigh and an eager kiss. It is fire that burns. And leaves marks for life.<\/p>\n<p>Score: 94 Points \u201cRevista de Vinhos\u201d April 2024<\/p>\n<p>Mesti\u00e7o AMOROSO is a blend with love by Ljubomir Stanisic + In\u00eas Cap\u00e3o + Luis Louro<\/p>\n<p>40% Tinta Mi\u00fada<br \/>16% Syrah<br \/>24% Alicante and Aragonez<br \/>20% Alicante and Trincadeira in Foudre<\/p>\n<p>REGION: Estremoz\/ Alentejo \/ YEAR: 2018 \/ 0.75l<\/p>\n<p><strong>MESTI\u00c7O PERIGOSO (Dangerous)<br \/><\/strong><br \/>Turbulent and moody. Faults that become form. It reveals itself with a knife in its teeth. It throws caution to the wind, without fears. Permanently living in the danger zone, at the risk of imminent collision. Always on the edge, we walk on a thin red line. We feel the impulse, the tension. An energy named desire.<\/p>\n<p>Score: 92 Points \u201cRevista de Vinhos\u201d April 2024<\/p>\n<p>Mesti\u00e7o PERIGOSO is a blend with love by Ljubomir Stanisic + In\u00eas Cap\u00e3o + Luis Louro<\/p>\n<p>28% Alicante and Aragonez<br \/>16% Syrah<br \/>24% Alicante<br \/>24% Tinta Miuda<br \/>8% Batch \u201cAlways Full\u201d White<\/p>\n<p>REGION: Estremoz\/ Alentejo \/ YEAR: 2019 \/ 0.75l<\/p>\n<p><strong>MESTI\u00c7O S\u00d3LIDO (Solid)<br \/><\/strong><br \/>Clinging to the depths of History, with multiple layers of subsoil in its composition, it has a rupestrian soul and rock structure. High density, high complexity, simplicity in equal measure. It is made of sun and soil, full of backbone. A hard character, of the wild Douro.<\/p>\n<p>Score: 94 Points \u201cRevista de Vinhos\u201d April, 2024<\/p>\n<p>Mesti\u00e7o S\u00d3LIDO is a blend with love by Ljubomir Stanisic + Mateus Nicolau de Almeida<\/p>\n<p>40% Old vineyards from Superior and Baixo<br \/>35% Old vineyards from Baixo<br \/>25% Old vineyards from Superior<\/p>\n<p>REGION: Douro Superior \/ YEAR: 2021 \/ 0.75l<\/p>\n<p><strong>MESTI\u00c7O MADURO (Mature)<br \/><\/strong><br \/>More than a chronological stage, a feature. Vital fullness, coherence, assertiveness. A roundness that shuffles all geometries. A fullness that never overflows. A wood with creased veins in the mouth. A certain hungry madness. Moderate, matured, changed. Woman, adult, major. To love, to adore!, to mature.<\/p>\n<p>Score: 92 Points \u201cRevista de Vinhos\u201d April 2024<\/p>\n<p>Mesti\u00e7o MADURO is a blend with love by Ljubomir Stanisic + Luis Pedro + Daniel and Dirk Niepoort<\/p>\n<p>50% Covas do Douro Old Vineyards\u00a0<br \/>50% Santo Adri\u00e3o Old Vineyards\u00a0<\/p>\n<p>REGION: Douro \/ YEAR: 2020 \/ 0.75l<\/p>\n","protected":false},"excerpt":{"rendered":"<p>5 BOTTLES (5 RED WINES) Turbulent and moody. Dangerous.A love story that is written in many lines. Loving.Bringing the wrinkles of the past to the identity of the present and the archeology of the future. Rare.A rupestrian soul and rock structure. Solid.A roundness that shuffles all geometries. A fullness that never overflows. Mature.Five red wines [&hellip;]<\/p>\n","protected":false},"featured_media":262529,"comment_status":"closed","ping_status":"closed","template":"","meta":{"_acf_changed":false,"_et_pb_use_builder":"","_et_pb_old_content":"","_et_gb_content_width":"","wds_primary_product_brand":0,"wds_primary_product_cat":0},"product_brand":[],"product_cat":[224],"product_tag":[],"class_list":{"0":"post-262613","1":"product","2":"type-product","3":"status-publish","4":"has-post-thumbnail","6":"product_cat-packs-mestico-en","8":"first","9":"instock","10":"taxable","11":"shipping-taxable","12":"purchasable","13":"product-type-simple"},"acf":[],"_links":{"self":[{"href":"https:\/\/ljubomirstanisic.pt\/en\/wp-json\/wp\/v2\/product\/262613","targetHints":{"allow":["GET"]}}],"collection":[{"href":"https:\/\/ljubomirstanisic.pt\/en\/wp-json\/wp\/v2\/product"}],"about":[{"href":"https:\/\/ljubomirstanisic.pt\/en\/wp-json\/wp\/v2\/types\/product"}],"replies":[{"embeddable":true,"href":"https:\/\/ljubomirstanisic.pt\/en\/wp-json\/wp\/v2\/comments?post=262613"}],"wp:featuredmedia":[{"embeddable":true,"href":"https:\/\/ljubomirstanisic.pt\/en\/wp-json\/wp\/v2\/media\/262529"}],"wp:attachment":[{"href":"https:\/\/ljubomirstanisic.pt\/en\/wp-json\/wp\/v2\/media?parent=262613"}],"wp:term":[{"taxonomy":"product_brand","embeddable":true,"href":"https:\/\/ljubomirstanisic.pt\/en\/wp-json\/wp\/v2\/product_brand?post=262613"},{"taxonomy":"product_cat","embeddable":true,"href":"https:\/\/ljubomirstanisic.pt\/en\/wp-json\/wp\/v2\/product_cat?post=262613"},{"taxonomy":"product_tag","embeddable":true,"href":"https:\/\/ljubomirstanisic.pt\/en\/wp-json\/wp\/v2\/product_tag?post=262613"}],"curies":[{"name":"wp","href":"https:\/\/api.w.org\/{rel}","templated":true}]}}